{"id":2266,"date":"2023-08-03T09:03:15","date_gmt":"2023-08-03T07:03:15","guid":{"rendered":"https:\/\/ltwebstudio.com\/?page_id=2266"},"modified":"2023-11-04T17:33:09","modified_gmt":"2023-11-04T15:33:09","slug":"cookie-policy","status":"publish","type":"page","link":"https:\/\/ltwebstudio.com\/es\/politicas-de-cookie\/","title":{"rendered":"Pol\u00edticas de cookie"},"content":{"rendered":"<div data-elementor-type=\"wp-page\" data-elementor-id=\"2266\" class=\"elementor elementor-2266\" data-elementor-post-type=\"page\">\n\t\t\t\t<div class=\"elementor-element elementor-element-ea05b67 e-flex e-con-boxed e-con e-parent\" data-id=\"ea05b67\" data-element_type=\"container\" data-e-type=\"container\" data-settings=\"{&quot;background_background&quot;:&quot;gradient&quot;}\">\n\t\t\t\t\t<div class=\"e-con-inner\">\n\t\t\t\t<div class=\"elementor-element elementor-element-1037cc3 premium-header-inline premium-lq__none premium-box-lq__none elementor-widget elementor-widget-premium-addon-dual-header\" data-id=\"1037cc3\" data-element_type=\"widget\" data-e-type=\"widget\" data-widget_type=\"premium-addon-dual-header.default\">\n\t\t\t\t\t\r\n\t\t<div class=\"elementor-widget-container\">\r\n\t\t\t\t\t<h2 class=\"premium-dual-header-first-header\"><span class=\"premium-dual-header-first-span\">Pol\u00edticas de <\/span><span class=\"premium-dual-header-second-header\">Cookies<\/span><\/h2> \t\t\t\t<\/div>\r\n\r\n\t\t\t\t\t\t<\/div>\n\t\t\t\t\t<\/div>\n\t\t\t\t<\/div>\n\t\t<div class=\"elementor-element elementor-element-bdc7556 e-flex e-con-boxed e-con e-parent\" data-id=\"bdc7556\" data-element_type=\"container\" data-e-type=\"container\">\n\t\t\t\t\t<div class=\"e-con-inner\">\n\t\t\t\t<div class=\"elementor-element elementor-element-41bebdb elementor-widget-mobile__width-inherit elementor-widget elementor-widget-text-editor\" data-id=\"41bebdb\" data-element_type=\"widget\" data-e-type=\"widget\" data-widget_type=\"text-editor.default\">\n\t\t\t\t<div class=\"elementor-widget-container\">\n\t\t\t\t\t\t\t\t\t<h4>Pol\u00edticas de cookies<\/h4>\n<p>\u00daltima actualizaci\u00f3n: 3 de septiembre de 2023<\/p>\n<p>Esta Pol\u00edtica de Cookies explica qu\u00e9 son las Cookies y c\u00f3mo las utilizamos. Debes leer esta pol\u00edtica para que puedas entender qu\u00e9 tipo de cookies utilizamos o la informaci\u00f3n que recopilamos mediante Cookies y c\u00f3mo se utiliza esa informaci\u00f3n. Esta Pol\u00edtica de Cookies ha sido creada con la ayuda del Generador de Pol\u00edticas de Cookies.<\/p>\n<p>Las Cookies generalmente no contienen informaci\u00f3n que identifique personalmente a un usuario, pero la informaci\u00f3n personal que almacenamos sobre usted puede estar vinculada a la informaci\u00f3n almacenada y obtenida de las Cookies. Para obtener m\u00e1s informaci\u00f3n sobre c\u00f3mo utilizamos, almacenamos y mantenemos seguros sus datos personales, consulte nuestra Pol\u00edtica de Privacidad. &nbsp;<a href=\"https:\/\/ltwebstudio.com\/es\/politicas-de-privacidad\/\" data-wplink-url-error=\"true\">Pol\u00edticas de privacidad<\/a>.<\/p>\n<p>No almacenamos informaci\u00f3n personal sensible, como direcciones postales, contrase\u00f1as de cuentas, etc., en las Cookies que utilizamos.<\/p>\n<h4>Interpretaci\u00f3n y definiciones<\/h4>\n<h5>Interpretaci\u00f3n<\/h5>\n<p>Las palabras cuya letra inicial est\u00e1 en may\u00fascula tienen significados definidos en las siguientes condiciones. Las siguientes definiciones tendr\u00e1n el mismo significado independientemente de si aparecen en singular o en plural.<\/p>\n<h6>Definiciones<\/h6>\n<p>A los efectos de esta Pol\u00edtica de Cookies:<\/p>\n<ul>\n<li><strong>Empresa<\/strong> (referida como \u00abla Compa\u00f1\u00eda\u00bb, \u00abNosotros\u00bb, \u00abNuestro\u00bb o \u00abNuestra\u00bb en esta Pol\u00edtica de Cookies) se refiere a Creative Solutions S.A. de C.V. DBA LT Web Studio y La Terminal Marketing, ID \u2013 NIT 0614-200218-105-4.<\/li>\n<li><strong>Pol\u00edticas de<\/strong> son peque\u00f1os archivos que un sitio web coloca en su computadora, dispositivo m\u00f3vil u otro dispositivo, que contienen detalles de su historial de navegaci\u00f3n en ese sitio web, entre sus muchos usos.<\/li>\n<li><strong>Mantenimiento<\/strong> se refiere a LT WebStudio, accesible desde <a href=\"https:\/\/ltwebstudio.com\/es\/\" data-wplink-url-error=\"true\">ltwebstudio.com<\/a><\/li>\n<li><strong>Usted<\/strong> se refiere al individuo que accede o utiliza el Sitio web, o a una empresa u otra entidad legal en nombre de la cual dicho individuo accede o utiliza el Sitio web, seg\u00fan corresponda.<\/li>\n<\/ul>\n<h4>El uso de las cookies<\/h4>\n<h5>Tipo de Cookies que utilizamos<\/h5>\n<p>Las Cookies pueden ser Cookies \u00abpersistentes\u00bb o \u00abde sesi\u00f3n\u00bb. Las Cookies persistentes permanecen en su computadora personal o dispositivo m\u00f3vil cuando est\u00e1 desconectado, mientras que las Cookies de sesi\u00f3n se eliminan tan pronto como cierra su navegador web.<\/p>\n<p>Utilizamos tanto Cookies de sesi\u00f3n como Cookies persistentes para los fines establecidos a continuaci\u00f3n:<\/p>\n<h6>Cookies Necesarias \/ Esenciales<\/h6>\n<p><strong>Tipo:<\/strong> Cookies de Sesi\u00f3n<\/p>\n<p><strong>Administradas por:<\/strong> nosotros<\/p>\n<p><strong>Prop\u00f3sito:<\/strong> Estas Cookies son esenciales para proporcionar los servicios disponibles a trav\u00e9s del Sitio web y permitirle utilizar algunas de sus caracter\u00edsticas. Ayudan a autenticar a los usuarios y a prevenir el uso fraudulento de las cuentas de usuario. Sin estas Cookies, los servicios que ha solicitado no se pueden proporcionar, y solo utilizamos estas Cookies para proporcionarle estos servicios.<\/p>\n<h6>Cookies de Funcionalidad<\/h6>\n<p><strong>Tipo:<\/strong> Cookies Persistentes<\/p>\n<p><strong>Administradas por:<\/strong> nosotros<\/p>\n<p><strong>Prop\u00f3sito:<\/strong> Estas Cookies nos permiten recordar las elecciones que usted hace cuando utiliza el sitio web, como recordar sus detalles de inicio de sesi\u00f3n o preferencias de idioma. El prop\u00f3sito de estas Cookies es proporcionar una experiencia m\u00e1s personal y evitar que tenga que volver a ingresar sus preferencias cada vez que utiliza el sitio web.<\/p>\n<h5>Sus opciones con respecto a las Cookies<\/h5>\n<p>Si prefiere evitar el uso de Cookies en el Sitio web, primero debe deshabilitar el uso de Cookies en su navegador y luego eliminar las Cookies guardadas en su navegador asociadas con este sitio web. Puede utilizar esta opci\u00f3n para evitar el uso de Cookies en cualquier momento.<\/p>\n<p>Si no acepta nuestras Cookies, es posible que experimente algunas molestias en el uso del Sitio web y es posible que algunas funciones no funcionen correctamente.<\/p>\n<p>Si desea eliminar Cookies o instruir a su navegador web para eliminar o rechazar Cookies, visite las p\u00e1ginas de ayuda de su navegador web.<\/p>\n<ul>\n<li>Para el navegador web Chrome, visite esta p\u00e1gina de Google:<\/li>\n<\/ul>\n<p><a href=\"https:\/\/support.google.com\/accounts\/answer\/32050\" target=\"_blank\" rel=\"noopener\">https:\/\/support.google.com\/accounts\/answer\/32050<\/a><\/p>\n<ul>\n<li>Para el navegador web Internet Explorer, visite esta p\u00e1gina de Microsoft:<\/li>\n<\/ul>\n<p><a href=\"http:\/\/support.microsoft.com\/kb\/278835\" target=\"_blank\" rel=\"noopener\">http:\/\/support.microsoft.com\/kb\/278835<\/a><\/p>\n<ul>\n<li>Para el navegador web Firefox, visite esta p\u00e1gina de Mozilla:<\/li>\n<\/ul>\n<p><a href=\"https:\/\/support.mozilla.org\/en-US\/kb\/delete-cookies-remove-info-websites-stored\" target=\"_blank\" rel=\"noopener\">https:\/\/support.mozilla.org\/en-US\/kb\/delete-cookies-remove-info-websites-stored<\/a><\/p>\n<ul>\n<li>Para el navegador web Safari, visite esta p\u00e1gina de Apple:<\/li>\n<\/ul>\n<p><a href=\"https:\/\/support.apple.com\/guide\/safari\/manage-cookies-and-website-data-sfri11471\/mac\" target=\"_blank\" rel=\"noopener\">https:\/\/support.apple.com\/guide\/safari\/manage-cookies-and-website-data-sfri11471\/mac<\/a><\/p>\n<p>Para cualquier otro navegador web, visite las p\u00e1ginas web oficiales de su navegador web.<\/p>\n<h5>M\u00e1s informaci\u00f3n sobre las Cookies<\/h5>\n<p>Puede obtener m\u00e1s informaci\u00f3n sobre las cookies: \u00bfQu\u00e9 son las Cookies?.<\/p>\n<h4>Cont\u00e1ctanos<\/h4>\n<p>Si tiene alguna pregunta sobre esta Pol\u00edtica de Cookies, puede ponerse en contacto con nosotros:<\/p>\n<p>Por correo electr\u00f3nico: &nbsp;<a href=\"mailto:support@ltwebstudio.com\" target=\"_blank\" rel=\"noopener\">support@ltwebstudio<\/a><\/p>\t\t\t\t\t\t\t\t<\/div>\n\t\t\t\t<\/div>\n\t\t\t\t\t<\/div>\n\t\t\t\t<\/div>\n\t\t<div class=\"elementor-element elementor-element-1af9e81 e-flex e-con-boxed e-con e-parent\" data-id=\"1af9e81\" data-element_type=\"container\" data-e-type=\"container\" data-settings=\"{&quot;background_background&quot;:&quot;classic&quot;}\">\n\t\t\t\t\t<div class=\"e-con-inner\">\n\t\t\t\t<div class=\"elementor-element elementor-element-0d97868 elementor-nav-menu__align-center elementor-nav-menu--dropdown-none elementor-widget elementor-widget-nav-menu\" data-id=\"0d97868\" data-element_type=\"widget\" data-e-type=\"widget\" data-settings=\"{&quot;layout&quot;:&quot;horizontal&quot;,&quot;submenu_icon&quot;:{&quot;value&quot;:&quot;&lt;svg aria-hidden=\\&quot;true\\&quot; class=\\&quot;e-font-icon-svg e-fas-caret-down\\&quot; viewBox=\\&quot;0 0 320 512\\&quot; xmlns=\\&quot;http:\\\/\\\/www.w3.org\\\/2000\\\/svg\\&quot;&gt;&lt;path d=\\&quot;M31.3 192h257.3c17.8 0 26.7 21.5 14.1 34.1L174.1 354.8c-7.8 7.8-20.5 7.8-28.3 0L17.2 226.1C4.6 213.5 13.5 192 31.3 192z\\&quot;&gt;&lt;\\\/path&gt;&lt;\\\/svg&gt;&quot;,&quot;library&quot;:&quot;fa-solid&quot;}}\" data-widget_type=\"nav-menu.default\">\n\t\t\t\t<div class=\"elementor-widget-container\">\n\t\t\t\t\t\t\t\t<nav aria-label=\"Men\u00fa\" class=\"elementor-nav-menu--main elementor-nav-menu__container elementor-nav-menu--layout-horizontal e--pointer-none\">\n\t\t\t\t<ul id=\"menu-1-0d97868\" class=\"elementor-nav-menu\"><li class=\"menu-item menu-item-type-post_type menu-item-object-page menu-item-privacy-policy menu-item-2274\"><a rel=\"privacy-policy\" href=\"https:\/\/ltwebstudio.com\/es\/politicas-de-privacidad\/\" class=\"elementor-item menu-link\">Pol\u00edticas de privacidad<\/a><\/li>\n<li class=\"menu-item menu-item-type-post_type menu-item-object-page menu-item-2275\"><a href=\"https:\/\/ltwebstudio.com\/es\/terminos-y-condiciones\/\" class=\"elementor-item menu-link\">T\u00e9rminos y condiciones<\/a><\/li>\n<li class=\"menu-item menu-item-type-post_type menu-item-object-page menu-item-2272\"><a href=\"https:\/\/ltwebstudio.com\/es\/politicas-de-cookie\/\" class=\"elementor-item menu-link\">Pol\u00edticas de cookie<\/a><\/li>\n<\/ul>\t\t\t<\/nav>\n\t\t\t\t\t\t<nav class=\"elementor-nav-menu--dropdown elementor-nav-menu__container\" aria-hidden=\"true\">\n\t\t\t\t<ul id=\"menu-2-0d97868\" class=\"elementor-nav-menu\"><li class=\"menu-item menu-item-type-post_type menu-item-object-page menu-item-privacy-policy menu-item-2274\"><a rel=\"privacy-policy\" href=\"https:\/\/ltwebstudio.com\/es\/politicas-de-privacidad\/\" class=\"elementor-item menu-link\" tabindex=\"-1\">Pol\u00edticas de privacidad<\/a><\/li>\n<li class=\"menu-item menu-item-type-post_type menu-item-object-page menu-item-2275\"><a href=\"https:\/\/ltwebstudio.com\/es\/terminos-y-condiciones\/\" class=\"elementor-item menu-link\" tabindex=\"-1\">T\u00e9rminos y condiciones<\/a><\/li>\n<li class=\"menu-item menu-item-type-post_type menu-item-object-page menu-item-2272\"><a href=\"https:\/\/ltwebstudio.com\/es\/politicas-de-cookie\/\" class=\"elementor-item menu-link\" tabindex=\"-1\">Pol\u00edticas de cookie<\/a><\/li>\n<\/ul>\t\t\t<\/nav>\n\t\t\t\t\t\t<\/div>\n\t\t\t\t<\/div>\n\t\t\t\t\t<\/div>\n\t\t\t\t<\/div>\n\t\t\t\t<\/div>","protected":false},"excerpt":{"rendered":"<p>Cookies Policy Cookies Policy Last updated: September 3, 2023 This Cookies Policy explains what Cookies are and how We use them. You should read this policy so You can understand what type of cookies We use, or the information We collect using Cookies and how that information is used. This Cookies Policy has been created [&hellip;]<\/p>","protected":false},"author":1,"featured_media":0,"parent":0,"menu_order":0,"comment_status":"closed","ping_status":"closed","template":"","meta":{"site-sidebar-layout":"no-sidebar","site-content-layout":"page-builder","ast-site-content-layout":"full-width-container","site-content-style":"unboxed","site-sidebar-style":"unboxed","ast-global-header-display":"","ast-banner-title-visibility":"","ast-main-header-display":"","ast-hfb-above-header-display":"","ast-hfb-below-header-display":"","ast-hfb-mobile-header-display":"","site-post-title":"disabled","ast-breadcrumbs-content":"","ast-featured-img":"disabled","footer-sml-layout":"disabled","ast-disable-related-posts":"","theme-transparent-header-meta":"disabled","adv-header-id-meta":"","stick-header-meta":"","header-above-stick-meta":"","header-main-stick-meta":"","header-below-stick-meta":"","astra-migrate-meta-layouts":"set","ast-page-background-enabled":"default","ast-page-background-meta":{"desktop":{"background-color":"var(--ast-global-color-4)","background-image":"","background-repeat":"repeat","background-position":"center center","background-size":"auto","background-attachment":"scroll","background-type":"","background-media":"","overlay-type":"","overlay-color":"","overlay-opacity":"","overlay-gradient":""},"tablet":{"background-color":"","background-image":"","background-repeat":"repeat","background-position":"center center","background-size":"auto","background-attachment":"scroll","background-type":"","background-media":"","overlay-type":"","overlay-color":"","overlay-opacity":"","overlay-gradient":""},"mobile":{"background-color":"","background-image":"","background-repeat":"repeat","background-position":"center center","background-size":"auto","background-attachment":"scroll","background-type":"","background-media":"","overlay-type":"","overlay-color":"","overlay-opacity":"","overlay-gradient":""}},"ast-content-background-meta":{"desktop":{"background-color":"var(--ast-global-color-5)","background-image":"","background-repeat":"repeat","background-position":"center center","background-size":"auto","background-attachment":"scroll","background-type":"","background-media":"","overlay-type":"","overlay-color":"","overlay-opacity":"","overlay-gradient":""},"tablet":{"background-color":"var(--ast-global-color-5)","background-image":"","background-repeat":"repeat","background-position":"center center","background-size":"auto","background-attachment":"scroll","background-type":"","background-media":"","overlay-type":"","overlay-color":"","overlay-opacity":"","overlay-gradient":""},"mobile":{"background-color":"var(--ast-global-color-5)","background-image":"","background-repeat":"repeat","background-position":"center center","background-size":"auto","background-attachment":"scroll","background-type":"","background-media":"","overlay-type":"","overlay-color":"","overlay-opacity":"","overlay-gradient":""}},"footnotes":""},"class_list":["post-2266","page","type-page","status-publish","hentry"],"_links":{"self":[{"href":"https:\/\/ltwebstudio.com\/es\/wp-json\/wp\/v2\/pages\/2266","targetHints":{"allow":["GET"]}}],"collection":[{"href":"https:\/\/ltwebstudio.com\/es\/wp-json\/wp\/v2\/pages"}],"about":[{"href":"https:\/\/ltwebstudio.com\/es\/wp-json\/wp\/v2\/types\/page"}],"author":[{"embeddable":true,"href":"https:\/\/ltwebstudio.com\/es\/wp-json\/wp\/v2\/users\/1"}],"replies":[{"embeddable":true,"href":"https:\/\/ltwebstudio.com\/es\/wp-json\/wp\/v2\/comments?post=2266"}],"version-history":[{"count":0,"href":"https:\/\/ltwebstudio.com\/es\/wp-json\/wp\/v2\/pages\/2266\/revisions"}],"wp:attachment":[{"href":"https:\/\/ltwebstudio.com\/es\/wp-json\/wp\/v2\/media?parent=2266"}],"curies":[{"name":"wp","href":"https:\/\/api.w.org\/{rel}","templated":true}]}}